{"id":96,"date":"2024-05-03T16:24:47","date_gmt":"2024-05-03T14:24:47","guid":{"rendered":"https:\/\/www-pipmobil-at.wpms.raum15.at\/impressum\/"},"modified":"2025-08-28T09:54:47","modified_gmt":"2025-08-28T07:54:47","slug":"impressum","status":"publish","type":"page","link":"https:\/\/pipmobil.at\/en\/impressum\/","title":{"rendered":"Imprint"},"content":{"rendered":"<div data-elementor-type=\"wp-page\" data-elementor-id=\"96\" class=\"elementor elementor-96\" data-elementor-post-type=\"page\">\n\t\t\t\t\t\t<section class=\"elementor-section elementor-top-section elementor-element elementor-element-1dea1937 elementor-section-boxed elementor-section-height-default elementor-section-height-default\" data-id=\"1dea1937\" data-element_type=\"section\" data-e-type=\"section\">\n\t\t\t\t\t\t<div class=\"elementor-container elementor-column-gap-no\">\n\t\t\t\t\t<div class=\"elementor-column elementor-col-100 elementor-top-column elementor-element elementor-element-2b219b33\" data-id=\"2b219b33\" data-element_type=\"column\" data-e-type=\"column\">\n\t\t\t<div class=\"elementor-widget-wrap elementor-element-populated\">\n\t\t\t\t\t\t<div class=\"elementor-element elementor-element-100373b8 elementor-widget elementor-widget-heading\" data-id=\"100373b8\" data-element_type=\"widget\" data-e-type=\"widget\" data-widget_type=\"heading.default\">\n\t\t\t\t<div class=\"elementor-widget-container\">\n\t\t\t\t\t<h2 class=\"elementor-heading-title elementor-size-default\">Imprint<\/h2>\t\t\t\t<\/div>\n\t\t\t\t<\/div>\n\t\t\t\t<div class=\"elementor-element elementor-element-50bf3e21 elementor-widget elementor-widget-html\" data-id=\"50bf3e21\" data-element_type=\"widget\" data-e-type=\"widget\" data-widget_type=\"html.default\">\n\t\t\t\t<div class=\"elementor-widget-container\">\n\t\t\t\t\t<p>Offenlegung gem\u00e4\u00df der Informationspflicht laut \u00a75 E-Commerce Gesetz, \u00a714 Unternehmensgesetzbuch, \u00a763 Gewerbeordnung und Offenlegungspflicht laut \u00a725 Mediengesetz<\/p>\n<br>\n<br>\n\n<p>Firmenwortlaut: PIP Mobil GmbH<\/p>\n\n<p>Gesch\u00e4ftsf\u00fchrer: Johann Picker und Lorenz Picker<\/p>\n\n<p>Anschrift: Innsbruckerstrasse 75a | 6130 Schwaz<\/p>\n\n<p>Unternehmensgegenstand: Vermietung von beweglichen Sachen<\/p>\n\n<p>UID-Nummer: ATU76963001<\/p>\n\n<p>Firmenbuchnummer: FN 557711 p<\/p>\n\n<p>Firmenbuchgericht: Landesgericht Innsbruck<\/p>\n\n\n<br>\n<br>\n\n<h2 style=\"font-size:20px\"><b>Kontaktdaten<\/b><\/h2>\n\n<p>Standort: Innsbruckerstrasse 75a | 6130 Schwaz<\/p>\n\n<p>Telefon: <a href=\"tel:+4352426929\">+43 5242 6929<\/a><\/p>\n\n<p>E-Mail: <a href=\"mailto:info@pipmobil.at\">info@pipmobil.at<\/a><\/p>\n<br>\n<br>\n\n<h2 style=\"font-size: 20px\"><b>Haftungsausschluss<\/b><\/h2>\n\n<p>Dieser Haftungsausschluss ist als Teil des Internetangebotes zu betrachten, von dem aus auf diese Webseite verwiesen wurde. Sofern Teile oder einzelne Formulierungen dieses Textes der geltenden Rechtslage nicht,\nnicht mehr oder nicht vollst\u00e4ndig entsprechen sollten, bleiben die \u00fcbrigen Teile des Dokumentes in ihrem Inhalt und ihrer G\u00fcltigkeit davon unber\u00fchrt.<\/p>\n<br>\n<br>\n\n<h2 style=\"font-size: 20px\"><b>Haftung f\u00fcr Inhalte dieser Webseite<\/b><\/h2>\n\n<p>Die Inhalte dieser Webseite wurden mit gr\u00f6\u00dftm\u00f6glicher Sorgfalt erstellt. F\u00fcr die Richtigkeit, Vollst\u00e4ndigkeit und Aktualit\u00e4t der Inhalte \u00fcbernehmen wir jedoch keine Gew\u00e4hr.\nAls Diensteanbieter sind wir f\u00fcr eigene Inhalte auf diesen Seiten nach den allgemeinen Gesetzen verantwortlich. Wir sind jedoch nicht verpflichtet, \u00fcbermittelte oder gespeicherte fremde Informationen zu \u00fcberwachen oder nach Umst\u00e4nden zu forschen, die auf eine rechtswidrige T\u00e4tigkeit hinweisen. Verpflichtungen zur Entfernung oder Sperrung der Nutzung von Informationen nach den allgemeinen Gesetzen bleiben hiervon unber\u00fchrt. Eine diesbez\u00fcgliche Haftung ist jedoch erst ab dem Zeitpunkt der Kenntnis einer |konkreten Rechtsverletzung m\u00f6glich.\nBei Bekanntwerden von entsprechenden Rechtsverletzungen werden wir diese Inhalte umgehend entfernen.<\/p>\n<br>\n<br>\n\n<h2 style=\"font-size: 20px\"><b>Haftung f\u00fcr Links auf Webseiten Dritter<\/b><\/h2>\n\nUnser Angebot enth\u00e4lt Links zu externen Websites. Auf den Inhalt dieser externen Webseiten haben wir keinerlei Einfluss. Deshalb k\u00f6nnen wir f\u00fcr diese fremden Inhalte auch keine Gew\u00e4hr \u00fcbernehmen.\nF\u00fcr die Inhalte der verlinkten Seiten ist stets der jeweilige Anbieter oder Betreiber der Seiten verantwortlich. Die verlinkten Seiten wurden zum Zeitpunkt der Verlinkung auf m\u00f6gliche Rechtsverst\u00f6\u00dfe \u00fcberpr\u00fcft.\nRechtswidrige Inhalte waren zum Zeitpunkt der Verlinkung nicht erkennbar. Eine permanente inhaltliche Kontrolle der verlinkten Seiten ist jedoch ohne konkrete Anhaltspunkte einer Rechtsverletzung nicht zumutbar.<br>\nBei Bekanntwerden von Rechtsverletzungen werden wir derartige Links umgehend entfernen.<\/p>\n<br>\n<br>\n\n<h2 style=\"font-size: 20px\"><b>Urheberrecht<\/b><\/h2>\n\n<p>Die Betreiber dieser Webseite sind bem\u00fcht, stets die Urheberrechte anderer zu beachten bzw. auf selbst erstellte sowie lizenzfreie Werke zur\u00fcckzugreifen.\nDie durch die Seitenbetreiber erstellten Inhalte und Werke auf dieser Webseite unterliegen dem Urheberrecht. Beitr\u00e4ge Dritter sind als solche gekennzeichnet.\nDie Vervielf\u00e4ltigung, Bearbeitung, Verbreitung und jede Art der Verwertung au\u00dferhalb der Grenzen des Urheberrechtes bed\u00fcrfen der schriftlichen Zustimmung des jeweiligen Autors bzw. Erstellers.\nDownloads und Kopien dieser Seite sind nur f\u00fcr den privaten, nicht kommerziellen Gebrauch gestattet.<\/p>\n<br>\n\n\n<h2 style=\"font-size: 20px;\"><b>Website & Hosting:<\/b><\/h2>\n<a href=\"https:\/\/www.raum15.at\" target=\"_blank\" rel=\"noopener\">\n<img decoding=\"async\" src=\"https:\/\/raum15.at\/wp-content\/uploads\/sites\/6\/2024\/02\/raum15-logo-blk.svg\" alt=\"\" style=\"width: 250px\"><\/a>\n<p><a href=\"https:\/\/www.raum15.at\" target=\"_blank\" rel=\"noopener\">RAUM15 Digital Solutions GmbH<\/a> | E: <a href=\"mailto:office@raum15.at\">office@raum15.at<\/a> | T: <a href=\"tel:+4367761828411\">+43(0) 677 \/ 618 28 411\n<\/a><\/p>\n\n\n<br>\n<br>\n\n<h2 style=\"font-size: 20px;\"><b>Grafiknachweise und Bildnachweise:<\/b><\/h2>\n<p style=\"font-size:15px\">Website & Logo gestaltet durch Nobugs Marketing GmbH<\/p>\n\n\n<h2 style=\"font-size: 20px\"><b>Streitbeilegung<\/b><\/h2>\n\n<p>Hinweis gem\u00e4\u00df \u00a7 19 AStG: Wir sind nicht verpflichtet und nicht bereit, an einem Streitbeilegungsverfahren vor einer Verbraucherschlichtungsstelle teilzunehmen.<\/p>\t\t\t\t<\/div>\n\t\t\t\t<\/div>\n\t\t\t\t\t<\/div>\n\t\t<\/div>\n\t\t\t\t\t<\/div>\n\t\t<\/section>\n\t\t\t\t<\/div>","protected":false},"excerpt":{"rendered":"<p>Impressum Offenlegung gem\u00e4\u00df der Informationspflicht laut \u00a75 E-Commerce Gesetz, \u00a714 Unternehmensgesetzbuch, \u00a763 Gewerbeordnung und Offenlegungspflicht laut \u00a725 Mediengesetz Firmenwortlaut: PIP Mobil GmbH Gesch\u00e4ftsf\u00fchrer: Johann Picker und Lorenz Picker Anschrift: Innsbruckerstrasse 75a | 6130 Schwaz Unternehmensgegenstand: Vermietung von beweglichen Sachen UID-Nummer: ATU76963001 Firmenbuchnummer: FN 557711 p Firmenbuchgericht: Landesgericht Innsbruck Kontaktdaten Standort: Innsbruckerstrasse 75a | 6130 Schwaz [&hellip;]<\/p>\n","protected":false},"author":1,"featured_media":0,"parent":0,"menu_order":0,"comment_status":"closed","ping_status":"closed","template":"","meta":{"footnotes":""},"class_list":["post-96","page","type-page","status-publish","hentry"],"_links":{"self":[{"href":"https:\/\/pipmobil.at\/en\/wp-json\/wp\/v2\/pages\/96","targetHints":{"allow":["GET"]}}],"collection":[{"href":"https:\/\/pipmobil.at\/en\/wp-json\/wp\/v2\/pages"}],"about":[{"href":"https:\/\/pipmobil.at\/en\/wp-json\/wp\/v2\/types\/page"}],"author":[{"embeddable":true,"href":"https:\/\/pipmobil.at\/en\/wp-json\/wp\/v2\/users\/1"}],"replies":[{"embeddable":true,"href":"https:\/\/pipmobil.at\/en\/wp-json\/wp\/v2\/comments?post=96"}],"version-history":[{"count":19,"href":"https:\/\/pipmobil.at\/en\/wp-json\/wp\/v2\/pages\/96\/revisions"}],"predecessor-version":[{"id":292,"href":"https:\/\/pipmobil.at\/en\/wp-json\/wp\/v2\/pages\/96\/revisions\/292"}],"wp:attachment":[{"href":"https:\/\/pipmobil.at\/en\/wp-json\/wp\/v2\/media?parent=96"}],"curies":[{"name":"wp","href":"https:\/\/api.w.org\/{rel}","templated":true}]}}